{"id":117,"date":"2024-04-25T09:25:40","date_gmt":"2024-04-25T07:25:40","guid":{"rendered":"https:\/\/gyomromuvkozpont.hu\/?page_id=117"},"modified":"2026-03-30T14:18:30","modified_gmt":"2026-03-30T12:18:30","slug":"szinhaz","status":"publish","type":"page","link":"https:\/\/gyomromuvkozpont.hu\/index.php\/sample-page\/szinhaz\/","title":{"rendered":"Sz\u00ednh\u00e1z"},"content":{"rendered":"\n<figure class=\"wp-block-embed is-type-wp-embed is-provider-hank-istv-n-m-v-szeti-k-zpont wp-block-embed-hank-istv-n-m-v-szeti-k-zpont\"><div class=\"wp-block-embed__wrapper\">\n<blockquote class=\"wp-embedded-content\" data-secret=\"BHZjLc76na\"><a href=\"https:\/\/gyomromuvkozpont.hu\/index.php\/2026\/03\/30\/lovas-rozi-egyszemelyes-eloadasa-gyomro\/\">Lovas Rozi egyszem\u00e9lyes el\u0151ad\u00e1sa-Gy\u00f6mr\u0151<\/a><\/blockquote><iframe loading=\"lazy\" class=\"wp-embedded-content\" sandbox=\"allow-scripts\" security=\"restricted\" style=\"position: absolute; visibility: hidden;\" title=\"&#8220;Lovas Rozi egyszem\u00e9lyes el\u0151ad\u00e1sa-Gy\u00f6mr\u0151&#8221; &#8212; Hank\u00f3 Istv\u00e1n M\u0171v\u00e9szeti K\u00f6zpont\" src=\"https:\/\/gyomromuvkozpont.hu\/index.php\/2026\/03\/30\/lovas-rozi-egyszemelyes-eloadasa-gyomro\/embed\/#?secret=dcOinho3OZ#?secret=BHZjLc76na\" data-secret=\"BHZjLc76na\" width=\"600\" height=\"338\" frameborder=\"0\" marginwidth=\"0\" marginheight=\"0\" scrolling=\"no\"><\/iframe>\n<\/div><\/figure>\n\n\n\n<figure class=\"wp-block-embed is-type-wp-embed is-provider-hank-istv-n-m-v-szeti-k-zpont wp-block-embed-hank-istv-n-m-v-szeti-k-zpont\"><div class=\"wp-block-embed__wrapper\">\n<blockquote class=\"wp-embedded-content\" data-secret=\"477sSGsqcQ\"><a href=\"https:\/\/gyomromuvkozpont.hu\/index.php\/2025\/12\/18\/lengyel-tamas-uj-vigjateka-gyomro-segitseg-epitkezem\/\">Lengyel Tam\u00e1s \u00daJ v\u00edgj\u00e1t\u00e9ka-Gy\u00f6mr\u0151-Seg\u00edts\u00e9g, \u00c9p\u00edtkezem!<\/a><\/blockquote><iframe loading=\"lazy\" class=\"wp-embedded-content\" sandbox=\"allow-scripts\" security=\"restricted\" style=\"position: absolute; visibility: hidden;\" title=\"&#8220;Lengyel Tam\u00e1s \u00daJ v\u00edgj\u00e1t\u00e9ka-Gy\u00f6mr\u0151-Seg\u00edts\u00e9g, \u00c9p\u00edtkezem!&#8221; &#8212; Hank\u00f3 Istv\u00e1n M\u0171v\u00e9szeti K\u00f6zpont\" src=\"https:\/\/gyomromuvkozpont.hu\/index.php\/2025\/12\/18\/lengyel-tamas-uj-vigjateka-gyomro-segitseg-epitkezem\/embed\/#?secret=q3dSu9Ikjy#?secret=477sSGsqcQ\" data-secret=\"477sSGsqcQ\" width=\"600\" height=\"338\" frameborder=\"0\" marginwidth=\"0\" marginheight=\"0\" scrolling=\"no\"><\/iframe>\n<\/div><\/figure>\n\n\n\n<figure class=\"wp-block-embed is-type-wp-embed is-provider-hank-istv-n-m-v-szeti-k-zpont wp-block-embed-hank-istv-n-m-v-szeti-k-zpont\"><div class=\"wp-block-embed__wrapper\">\n<blockquote class=\"wp-embedded-content\" data-secret=\"4QcLclIrxS\"><a href=\"https:\/\/gyomromuvkozpont.hu\/index.php\/2026\/03\/30\/boeing-boeing-gyomroszinhaz\/\">Boeing Boeing &#8211; Gy\u00f6mr\u0151Sz\u00ednh\u00e1z<\/a><\/blockquote><iframe loading=\"lazy\" class=\"wp-embedded-content\" sandbox=\"allow-scripts\" security=\"restricted\" style=\"position: absolute; visibility: hidden;\" title=\"&#8220;Boeing Boeing &#8211; Gy\u00f6mr\u0151Sz\u00ednh\u00e1z&#8221; &#8212; Hank\u00f3 Istv\u00e1n M\u0171v\u00e9szeti K\u00f6zpont\" src=\"https:\/\/gyomromuvkozpont.hu\/index.php\/2026\/03\/30\/boeing-boeing-gyomroszinhaz\/embed\/#?secret=1fZd73IlR8#?secret=4QcLclIrxS\" data-secret=\"4QcLclIrxS\" width=\"600\" height=\"338\" frameborder=\"0\" marginwidth=\"0\" marginheight=\"0\" scrolling=\"no\"><\/iframe>\n<\/div><\/figure>\n\n\n\n<figure class=\"wp-block-embed is-type-wp-embed is-provider-hank-istv-n-m-v-szeti-k-zpont wp-block-embed-hank-istv-n-m-v-szeti-k-zpont\"><div class=\"wp-block-embed__wrapper\">\n<blockquote class=\"wp-embedded-content\" data-secret=\"BseJ9AIyOB\"><a href=\"https:\/\/gyomromuvkozpont.hu\/index.php\/2025\/12\/18\/teleki-berlet-2026-tavasz\/\">Teleki B\u00e9rlet-2026-Tavasz<\/a><\/blockquote><iframe loading=\"lazy\" class=\"wp-embedded-content\" sandbox=\"allow-scripts\" security=\"restricted\" style=\"position: absolute; visibility: hidden;\" title=\"&#8220;Teleki B\u00e9rlet-2026-Tavasz&#8221; &#8212; Hank\u00f3 Istv\u00e1n M\u0171v\u00e9szeti K\u00f6zpont\" src=\"https:\/\/gyomromuvkozpont.hu\/index.php\/2025\/12\/18\/teleki-berlet-2026-tavasz\/embed\/#?secret=3pBwJqWXpj#?secret=BseJ9AIyOB\" data-secret=\"BseJ9AIyOB\" width=\"600\" height=\"338\" frameborder=\"0\" marginwidth=\"0\" marginheight=\"0\" scrolling=\"no\"><\/iframe>\n<\/div><\/figure>\n","protected":false},"excerpt":{"rendered":"","protected":false},"author":1,"featured_media":0,"parent":2,"menu_order":0,"comment_status":"closed","ping_status":"closed","template":"","meta":{"_price":"","_stock":"","_tribe_ticket_header":"","_tribe_default_ticket_provider":"","_tribe_ticket_capacity":"0","_ticket_start_date":"","_ticket_end_date":"","_tribe_ticket_show_description":"","_tribe_ticket_show_not_going":false,"_tribe_ticket_use_global_stock":"","_tribe_ticket_global_stock_level":"","_global_stock_mode":"","_global_stock_cap":"","_tribe_rsvp_for_event":"","_tribe_ticket_going_count":"","_tribe_ticket_not_going_count":"","_tribe_tickets_list":"[]","_tribe_ticket_has_attendee_info_fields":false,"footnotes":""},"class_list":["post-117","page","type-page","status-publish","hentry"],"ticketed":false,"_links":{"self":[{"href":"https:\/\/gyomromuvkozpont.hu\/index.php\/wp-json\/wp\/v2\/pages\/117","targetHints":{"allow":["GET"]}}],"collection":[{"href":"https:\/\/gyomromuvkozpont.hu\/index.php\/wp-json\/wp\/v2\/pages"}],"about":[{"href":"https:\/\/gyomromuvkozpont.hu\/index.php\/wp-json\/wp\/v2\/types\/page"}],"author":[{"embeddable":true,"href":"https:\/\/gyomromuvkozpont.hu\/index.php\/wp-json\/wp\/v2\/users\/1"}],"replies":[{"embeddable":true,"href":"https:\/\/gyomromuvkozpont.hu\/index.php\/wp-json\/wp\/v2\/comments?post=117"}],"version-history":[{"count":16,"href":"https:\/\/gyomromuvkozpont.hu\/index.php\/wp-json\/wp\/v2\/pages\/117\/revisions"}],"predecessor-version":[{"id":1928,"href":"https:\/\/gyomromuvkozpont.hu\/index.php\/wp-json\/wp\/v2\/pages\/117\/revisions\/1928"}],"up":[{"embeddable":true,"href":"https:\/\/gyomromuvkozpont.hu\/index.php\/wp-json\/wp\/v2\/pages\/2"}],"wp:attachment":[{"href":"https:\/\/gyomromuvkozpont.hu\/index.php\/wp-json\/wp\/v2\/media?parent=117"}],"curies":[{"name":"wp","href":"https:\/\/api.w.org\/{rel}","templated":true}]}}