{"id":120,"date":"2024-04-25T09:25:40","date_gmt":"2024-04-25T07:25:40","guid":{"rendered":"https:\/\/gyomromuvkozpont.hu\/?page_id=120"},"modified":"2026-03-30T14:24:57","modified_gmt":"2026-03-30T12:24:57","slug":"gyermek-program","status":"publish","type":"page","link":"https:\/\/gyomromuvkozpont.hu\/index.php\/gyermek-program\/","title":{"rendered":"Gyermekprogramok"},"content":{"rendered":"\n<figure class=\"wp-block-embed is-type-wp-embed is-provider-hank-istv-n-m-v-szeti-k-zpont wp-block-embed-hank-istv-n-m-v-szeti-k-zpont\"><div class=\"wp-block-embed__wrapper\">\n<blockquote class=\"wp-embedded-content\" data-secret=\"BW1mApfDU0\"><a href=\"https:\/\/gyomromuvkozpont.hu\/index.php\/2026\/03\/30\/a-valodi-kincs-gyomro\/\">A val\u00f3di kincs &#8211; Gy\u00f6mr\u0151<\/a><\/blockquote><iframe loading=\"lazy\" class=\"wp-embedded-content\" sandbox=\"allow-scripts\" security=\"restricted\" style=\"position: absolute; visibility: hidden;\" title=\"&#8220;A val\u00f3di kincs &#8211; Gy\u00f6mr\u0151&#8221; &#8212; Hank\u00f3 Istv\u00e1n M\u0171v\u00e9szeti K\u00f6zpont\" src=\"https:\/\/gyomromuvkozpont.hu\/index.php\/2026\/03\/30\/a-valodi-kincs-gyomro\/embed\/#?secret=ja3qnqkTEL#?secret=BW1mApfDU0\" data-secret=\"BW1mApfDU0\" width=\"600\" height=\"338\" frameborder=\"0\" marginwidth=\"0\" marginheight=\"0\" scrolling=\"no\"><\/iframe>\n<\/div><\/figure>\n","protected":false},"excerpt":{"rendered":"","protected":false},"author":1,"featured_media":0,"parent":0,"menu_order":0,"comment_status":"closed","ping_status":"closed","template":"","meta":{"_price":"","_stock":"","_tribe_ticket_header":"","_tribe_default_ticket_provider":"","_tribe_ticket_capacity":"0","_ticket_start_date":"","_ticket_end_date":"","_tribe_ticket_show_description":"","_tribe_ticket_show_not_going":false,"_tribe_ticket_use_global_stock":"","_tribe_ticket_global_stock_level":"","_global_stock_mode":"","_global_stock_cap":"","_tribe_rsvp_for_event":"","_tribe_ticket_going_count":"","_tribe_ticket_not_going_count":"","_tribe_tickets_list":"[]","_tribe_ticket_has_attendee_info_fields":false,"footnotes":""},"class_list":["post-120","page","type-page","status-publish","hentry"],"ticketed":false,"_links":{"self":[{"href":"https:\/\/gyomromuvkozpont.hu\/index.php\/wp-json\/wp\/v2\/pages\/120","targetHints":{"allow":["GET"]}}],"collection":[{"href":"https:\/\/gyomromuvkozpont.hu\/index.php\/wp-json\/wp\/v2\/pages"}],"about":[{"href":"https:\/\/gyomromuvkozpont.hu\/index.php\/wp-json\/wp\/v2\/types\/page"}],"author":[{"embeddable":true,"href":"https:\/\/gyomromuvkozpont.hu\/index.php\/wp-json\/wp\/v2\/users\/1"}],"replies":[{"embeddable":true,"href":"https:\/\/gyomromuvkozpont.hu\/index.php\/wp-json\/wp\/v2\/comments?post=120"}],"version-history":[{"count":9,"href":"https:\/\/gyomromuvkozpont.hu\/index.php\/wp-json\/wp\/v2\/pages\/120\/revisions"}],"predecessor-version":[{"id":1937,"href":"https:\/\/gyomromuvkozpont.hu\/index.php\/wp-json\/wp\/v2\/pages\/120\/revisions\/1937"}],"wp:attachment":[{"href":"https:\/\/gyomromuvkozpont.hu\/index.php\/wp-json\/wp\/v2\/media?parent=120"}],"curies":[{"name":"wp","href":"https:\/\/api.w.org\/{rel}","templated":true}]}}