{"id":42,"date":"2024-04-24T13:31:24","date_gmt":"2024-04-24T11:31:24","guid":{"rendered":"https:\/\/gyomromuvkozpont.hu\/?page_id=42"},"modified":"2025-11-07T10:08:18","modified_gmt":"2025-11-07T09:08:18","slug":"foglalkozas","status":"publish","type":"page","link":"https:\/\/gyomromuvkozpont.hu\/index.php\/foglalkozas\/","title":{"rendered":"Foglalkoz\u00e1sok"},"content":{"rendered":"\n<p class=\"has-white-background-color has-background\"><strong>H\u00c9TF\u0150: <\/strong>10:00 Senior \u00f6r\u00f6mt\u00e1nc <\/p>\n\n\n\n<figure class=\"wp-block-image size-full is-resized\"><img loading=\"lazy\" decoding=\"async\" width=\"800\" height=\"533\" src=\"https:\/\/gyomromuvkozpont.hu\/wp-content\/uploads\/2025\/01\/o_oregek.jpg\" alt=\"\" class=\"wp-image-964\" style=\"width:370px;height:auto\" srcset=\"https:\/\/gyomromuvkozpont.hu\/wp-content\/uploads\/2025\/01\/o_oregek.jpg 800w, https:\/\/gyomromuvkozpont.hu\/wp-content\/uploads\/2025\/01\/o_oregek-300x200.jpg 300w, https:\/\/gyomromuvkozpont.hu\/wp-content\/uploads\/2025\/01\/o_oregek-768x512.jpg 768w, https:\/\/gyomromuvkozpont.hu\/wp-content\/uploads\/2025\/01\/o_oregek-450x300.jpg 450w, https:\/\/gyomromuvkozpont.hu\/wp-content\/uploads\/2025\/01\/o_oregek-90x60.jpg 90w\" sizes=\"auto, (max-width: 800px) 100vw, 800px\" \/><\/figure>\n\n\n\n<p><strong>H\u00c9TF\u0150: <\/strong>16:00-19:00 Balett \u00f3r\u00e1k csoportbont\u00e1sban<\/p>\n\n\n\n<p><a href=\"https:\/\/loulou-balett-akademia.webnode.hu\">https:\/\/loulou-balett-akademia.webnode.hu<\/a><\/p>\n\n\n\n<p>V\u00e9kony Fanni: 06 30 444 93 42 <\/p>\n\n\n\n<figure class=\"wp-block-image size-full is-resized\"><img loading=\"lazy\" decoding=\"async\" width=\"299\" height=\"168\" src=\"https:\/\/gyomromuvkozpont.hu\/wp-content\/uploads\/2025\/01\/letoltes-4.jpg\" alt=\"\" class=\"wp-image-965\" style=\"width:367px;height:auto\" srcset=\"https:\/\/gyomromuvkozpont.hu\/wp-content\/uploads\/2025\/01\/letoltes-4.jpg 299w, https:\/\/gyomromuvkozpont.hu\/wp-content\/uploads\/2025\/01\/letoltes-4-107x60.jpg 107w\" sizes=\"auto, (max-width: 299px) 100vw, 299px\" \/><\/figure>\n\n\n\n<p><strong>KEDD:<\/strong> 10:00-11:00 Zenezug zeneb\u00f6lcsi <a href=\"https:\/\/zenezug.hu\/kapcsolat\/\">https:\/\/zenezug.hu\/kapcsolat\/<\/a><\/p>\n\n\n\n<figure class=\"wp-block-image size-full is-resized\"><img loading=\"lazy\" decoding=\"async\" width=\"1008\" height=\"328\" src=\"https:\/\/gyomromuvkozpont.hu\/wp-content\/uploads\/2025\/01\/allat_csorgok.jpg\" alt=\"\" class=\"wp-image-967\" style=\"width:388px;height:auto\" srcset=\"https:\/\/gyomromuvkozpont.hu\/wp-content\/uploads\/2025\/01\/allat_csorgok.jpg 1008w, https:\/\/gyomromuvkozpont.hu\/wp-content\/uploads\/2025\/01\/allat_csorgok-300x98.jpg 300w, https:\/\/gyomromuvkozpont.hu\/wp-content\/uploads\/2025\/01\/allat_csorgok-768x250.jpg 768w, https:\/\/gyomromuvkozpont.hu\/wp-content\/uploads\/2025\/01\/allat_csorgok-184x60.jpg 184w\" sizes=\"auto, (max-width: 1008px) 100vw, 1008px\" \/><\/figure>\n\n\n\n<p><strong>KEDD<\/strong>: 16:00-17:00 HIP HOP T\u00e1nc\u00f3ra- New Dance World<\/p>\n\n\n\n<p><a href=\"https:\/\/www.newdanceworld.hu\/\">https:\/\/www.newdanceworld.hu\/<\/a><\/p>\n\n\n\n<p> ndw.office@gmail.com<\/p>\n\n\n\n<p>Wiesner Nikolett: 06 20 777 3272<\/p>\n\n\n\n<figure class=\"wp-block-image size-large\"><img loading=\"lazy\" decoding=\"async\" width=\"819\" height=\"1024\" src=\"https:\/\/gyomromuvkozpont.hu\/wp-content\/uploads\/2025\/11\/new-dance-world-plakat-1-819x1024.jpg\" alt=\"\" class=\"wp-image-1630\" srcset=\"https:\/\/gyomromuvkozpont.hu\/wp-content\/uploads\/2025\/11\/new-dance-world-plakat-1-819x1024.jpg 819w, https:\/\/gyomromuvkozpont.hu\/wp-content\/uploads\/2025\/11\/new-dance-world-plakat-1-240x300.jpg 240w, https:\/\/gyomromuvkozpont.hu\/wp-content\/uploads\/2025\/11\/new-dance-world-plakat-1-768x960.jpg 768w, https:\/\/gyomromuvkozpont.hu\/wp-content\/uploads\/2025\/11\/new-dance-world-plakat-1-48x60.jpg 48w, https:\/\/gyomromuvkozpont.hu\/wp-content\/uploads\/2025\/11\/new-dance-world-plakat-1.jpg 1080w\" sizes=\"auto, (max-width: 819px) 100vw, 819px\" \/><\/figure>\n\n\n\n<p><strong>SZERDA: <\/strong>16:00-19:00 Balett \u00f3r\u00e1k csoportbont\u00e1sban <\/p>\n\n\n\n<p><a href=\"https:\/\/loulou-balett-akademia.webnode.hu\">https:\/\/loulou-balett-akademia.webnode.hu<\/a><\/p>\n\n\n\n<p>V\u00e9kony Fanni: 06 30 444 93 42 <\/p>\n\n\n\n<figure class=\"wp-block-image size-full is-resized\"><img loading=\"lazy\" decoding=\"async\" width=\"299\" height=\"168\" src=\"http:\/\/gyomromuvkozpont.hu\/wp-content\/uploads\/2025\/01\/letoltes-4.jpg\" alt=\"\" class=\"wp-image-965\" style=\"width:372px;height:auto\" srcset=\"https:\/\/gyomromuvkozpont.hu\/wp-content\/uploads\/2025\/01\/letoltes-4.jpg 299w, https:\/\/gyomromuvkozpont.hu\/wp-content\/uploads\/2025\/01\/letoltes-4-107x60.jpg 107w\" sizes=\"auto, (max-width: 299px) 100vw, 299px\" \/><\/figure>\n\n\n\n<p><strong>CS\u00dcT\u00d6RT\u00d6K:<\/strong> 16:00-17:00 HIP HOP T\u00e1nc\u00f3ra-New Dance World<\/p>\n\n\n\n<p><a href=\"https:\/\/www.newdanceworld.hu\/\" data-type=\"link\" data-id=\"https:\/\/www.newdanceworld.hu\/\">https:\/\/www.newdanceworld.hu\/<\/a><\/p>\n\n\n\n<p>ndw.office@gmail.com<\/p>\n\n\n\n<p>Wiesner Nikolett: 06 20 777 3272<\/p>\n\n\n\n<figure class=\"wp-block-image size-large\"><img loading=\"lazy\" decoding=\"async\" width=\"819\" height=\"1024\" src=\"https:\/\/gyomromuvkozpont.hu\/wp-content\/uploads\/2025\/11\/new-dance-world-plakat-819x1024.jpg\" alt=\"\" class=\"wp-image-1628\" srcset=\"https:\/\/gyomromuvkozpont.hu\/wp-content\/uploads\/2025\/11\/new-dance-world-plakat-819x1024.jpg 819w, https:\/\/gyomromuvkozpont.hu\/wp-content\/uploads\/2025\/11\/new-dance-world-plakat-240x300.jpg 240w, https:\/\/gyomromuvkozpont.hu\/wp-content\/uploads\/2025\/11\/new-dance-world-plakat-768x960.jpg 768w, https:\/\/gyomromuvkozpont.hu\/wp-content\/uploads\/2025\/11\/new-dance-world-plakat-48x60.jpg 48w, https:\/\/gyomromuvkozpont.hu\/wp-content\/uploads\/2025\/11\/new-dance-world-plakat.jpg 1080w\" sizes=\"auto, (max-width: 819px) 100vw, 819px\" \/><\/figure>\n\n\n\n<p><strong>CS\u00dcT\u00d6RT\u00d6K<\/strong>: 17:30-20:00 Csemetekert Gyermeksz\u00ednh\u00e1z<\/p>\n\n\n\n<p> <a href=\"https:\/\/www.gyomroszinhaz.hu\/\">https:\/\/www.gyomroszinhaz.hu\/<\/a><\/p>\n\n\n\n<p>N\u00e9gyesi N\u00f3ra: 06 30 820 20 37<\/p>\n\n\n\n<p>csemetekertgyermekszinhaz@gmail.com<\/p>\n\n\n\n<figure class=\"wp-block-image size-full\"><img loading=\"lazy\" decoding=\"async\" width=\"850\" height=\"315\" src=\"https:\/\/gyomromuvkozpont.hu\/wp-content\/uploads\/2025\/11\/csemi.jpg\" alt=\"\" class=\"wp-image-1629\" srcset=\"https:\/\/gyomromuvkozpont.hu\/wp-content\/uploads\/2025\/11\/csemi.jpg 850w, https:\/\/gyomromuvkozpont.hu\/wp-content\/uploads\/2025\/11\/csemi-300x111.jpg 300w, https:\/\/gyomromuvkozpont.hu\/wp-content\/uploads\/2025\/11\/csemi-768x285.jpg 768w, https:\/\/gyomromuvkozpont.hu\/wp-content\/uploads\/2025\/11\/csemi-162x60.jpg 162w\" sizes=\"auto, (max-width: 850px) 100vw, 850px\" \/><\/figure>\n","protected":false},"excerpt":{"rendered":"<p>H\u00c9TF\u0150: 10:00 Senior \u00f6r\u00f6mt\u00e1nc H\u00c9TF\u0150: 16:00-19:00 Balett \u00f3r\u00e1k csoportbont\u00e1sban https:\/\/loulou-balett-akademia.webnode.hu V\u00e9kony Fanni: 06 30 444 93 42 KEDD: 10:00-11:00 Zenezug zeneb\u00f6lcsi https:\/\/zenezug.hu\/kapcsolat\/ KEDD: 16:00-17:00 HIP HOP T\u00e1nc\u00f3ra- New Dance World https:\/\/www.newdanceworld.hu\/ ndw.office@gmail.com Wiesner Nikolett: 06 20 777 3272 SZERDA: 16:00-19:00 Balett \u00f3r\u00e1k csoportbont\u00e1sban https:\/\/loulou-balett-akademia.webnode.hu V\u00e9kony Fanni: 06 30 444 93 42 CS\u00dcT\u00d6RT\u00d6K: 16:00-17:00 HIP HOP &hellip; <\/p>\n","protected":false},"author":1,"featured_media":970,"parent":0,"menu_order":0,"comment_status":"closed","ping_status":"closed","template":"","meta":{"_price":"","_stock":"","_tribe_ticket_header":"","_tribe_default_ticket_provider":"","_tribe_ticket_capacity":"0","_ticket_start_date":"","_ticket_end_date":"","_tribe_ticket_show_description":"","_tribe_ticket_show_not_going":false,"_tribe_ticket_use_global_stock":"","_tribe_ticket_global_stock_level":"","_global_stock_mode":"","_global_stock_cap":"","_tribe_rsvp_for_event":"","_tribe_ticket_going_count":"","_tribe_ticket_not_going_count":"","_tribe_tickets_list":"[]","_tribe_ticket_has_attendee_info_fields":false,"footnotes":""},"class_list":["post-42","page","type-page","status-publish","has-post-thumbnail","hentry"],"ticketed":false,"_links":{"self":[{"href":"https:\/\/gyomromuvkozpont.hu\/index.php\/wp-json\/wp\/v2\/pages\/42","targetHints":{"allow":["GET"]}}],"collection":[{"href":"https:\/\/gyomromuvkozpont.hu\/index.php\/wp-json\/wp\/v2\/pages"}],"about":[{"href":"https:\/\/gyomromuvkozpont.hu\/index.php\/wp-json\/wp\/v2\/types\/page"}],"author":[{"embeddable":true,"href":"https:\/\/gyomromuvkozpont.hu\/index.php\/wp-json\/wp\/v2\/users\/1"}],"replies":[{"embeddable":true,"href":"https:\/\/gyomromuvkozpont.hu\/index.php\/wp-json\/wp\/v2\/comments?post=42"}],"version-history":[{"count":14,"href":"https:\/\/gyomromuvkozpont.hu\/index.php\/wp-json\/wp\/v2\/pages\/42\/revisions"}],"predecessor-version":[{"id":1633,"href":"https:\/\/gyomromuvkozpont.hu\/index.php\/wp-json\/wp\/v2\/pages\/42\/revisions\/1633"}],"wp:featuredmedia":[{"embeddable":true,"href":"https:\/\/gyomromuvkozpont.hu\/index.php\/wp-json\/wp\/v2\/media\/970"}],"wp:attachment":[{"href":"https:\/\/gyomromuvkozpont.hu\/index.php\/wp-json\/wp\/v2\/media?parent=42"}],"curies":[{"name":"wp","href":"https:\/\/api.w.org\/{rel}","templated":true}]}}