{"id":61,"date":"2024-04-24T13:55:00","date_gmt":"2024-04-24T11:55:00","guid":{"rendered":"https:\/\/gyomromuvkozpont.hu\/?page_id=61"},"modified":"2025-11-07T09:47:15","modified_gmt":"2025-11-07T08:47:15","slug":"elerhetosegek","status":"publish","type":"page","link":"https:\/\/gyomromuvkozpont.hu\/index.php\/elerhetosegek\/","title":{"rendered":"El\u00e9rhet\u0151s\u00e9g"},"content":{"rendered":"\n<h2 class=\"wp-block-heading has-text-align-center\">C\u00edm: 2230 Gy\u00f6mr\u0151, F\u0151 t\u00e9r 1\/b<\/h2>\n\n\n\n<h2 class=\"wp-block-heading has-text-align-center\">Tel: +36 30 652 10 52<\/h2>\n\n\n\n<h2 class=\"wp-block-heading has-text-align-center\">E-mail: hi.muvkozpont@gmail.com<\/h2>\n\n\n\n<div class=\"wp-block-columns is-layout-flex wp-container-core-columns-is-layout-9d6595d7 wp-block-columns-is-layout-flex\">\n<div class=\"wp-block-column is-layout-flow wp-block-column-is-layout-flow\" style=\"flex-basis:100%\">\n<h2 class=\"wp-block-heading has-text-align-center\">Jegy\u00e1rus\u00edt\u00e1s: <\/h2>\n\n\n\n<p class=\"has-text-align-center\">A jegy\u00e1rus\u00edt\u00e1s a f\u0151bej\u00e1ratn\u00e1l!<\/p>\n\n\n\n<p class=\"has-text-align-center\">H\u00e9tf\u0151: 8:00-14:00<\/p>\n\n\n\n<p class=\"has-text-align-center\">Kedd: 14:00-18:00<\/p>\n\n\n\n<p class=\"has-text-align-center\">Szerda: 8:00-14:00<\/p>\n\n\n\n<p class=\"has-text-align-center\">Cs\u00fct\u00f6rt\u00f6k: 14:00-18:00<\/p>\n\n\n\n<p class=\"has-text-align-center\"><\/p>\n\n\n\n<p class=\"has-text-align-center\">Az iroda h\u00e9tk\u00f6znapokon a h\u00e1ts\u00f3 m\u0171v\u00e9szbej\u00e1r\u00f3 fel\u0151l k\u00f6zel\u00edthet\u0151 meg. H\u00e9tf\u0151t\u0151l p\u00e9ntekig, 8 \u00f3r\u00e1t\u00f3l 16 \u00f3r\u00e1ig. <\/p>\n<\/div>\n<\/div>\n\n\n\n<p><\/p>\n","protected":false},"excerpt":{"rendered":"<p>C\u00edm: 2230 Gy\u00f6mr\u0151, F\u0151 t\u00e9r 1\/b Tel: +36 30 652 10 52 E-mail: hi.muvkozpont@gmail.com Jegy\u00e1rus\u00edt\u00e1s: A jegy\u00e1rus\u00edt\u00e1s a f\u0151bej\u00e1ratn\u00e1l! H\u00e9tf\u0151: 8:00-14:00 Kedd: 14:00-18:00 Szerda: 8:00-14:00 Cs\u00fct\u00f6rt\u00f6k: 14:00-18:00 Az iroda h\u00e9tk\u00f6znapokon a h\u00e1ts\u00f3 m\u0171v\u00e9szbej\u00e1r\u00f3 fel\u0151l k\u00f6zel\u00edthet\u0151 meg. H\u00e9tf\u0151t\u0151l p\u00e9ntekig, 8 \u00f3r\u00e1t\u00f3l 16 \u00f3r\u00e1ig.<\/p>\n","protected":false},"author":1,"featured_media":0,"parent":0,"menu_order":0,"comment_status":"closed","ping_status":"closed","template":"","meta":{"_price":"","_stock":"","_tribe_ticket_header":"","_tribe_default_ticket_provider":"","_tribe_ticket_capacity":"0","_ticket_start_date":"","_ticket_end_date":"","_tribe_ticket_show_description":"","_tribe_ticket_show_not_going":false,"_tribe_ticket_use_global_stock":"","_tribe_ticket_global_stock_level":"","_global_stock_mode":"","_global_stock_cap":"","_tribe_rsvp_for_event":"","_tribe_ticket_going_count":"","_tribe_ticket_not_going_count":"","_tribe_tickets_list":"[]","_tribe_ticket_has_attendee_info_fields":false,"footnotes":""},"class_list":["post-61","page","type-page","status-publish","hentry"],"ticketed":false,"_links":{"self":[{"href":"https:\/\/gyomromuvkozpont.hu\/index.php\/wp-json\/wp\/v2\/pages\/61","targetHints":{"allow":["GET"]}}],"collection":[{"href":"https:\/\/gyomromuvkozpont.hu\/index.php\/wp-json\/wp\/v2\/pages"}],"about":[{"href":"https:\/\/gyomromuvkozpont.hu\/index.php\/wp-json\/wp\/v2\/types\/page"}],"author":[{"embeddable":true,"href":"https:\/\/gyomromuvkozpont.hu\/index.php\/wp-json\/wp\/v2\/users\/1"}],"replies":[{"embeddable":true,"href":"https:\/\/gyomromuvkozpont.hu\/index.php\/wp-json\/wp\/v2\/comments?post=61"}],"version-history":[{"count":13,"href":"https:\/\/gyomromuvkozpont.hu\/index.php\/wp-json\/wp\/v2\/pages\/61\/revisions"}],"predecessor-version":[{"id":1626,"href":"https:\/\/gyomromuvkozpont.hu\/index.php\/wp-json\/wp\/v2\/pages\/61\/revisions\/1626"}],"wp:attachment":[{"href":"https:\/\/gyomromuvkozpont.hu\/index.php\/wp-json\/wp\/v2\/media?parent=61"}],"curies":[{"name":"wp","href":"https:\/\/api.w.org\/{rel}","templated":true}]}}