{"id":621,"date":"2024-11-04T10:41:34","date_gmt":"2024-11-04T09:41:34","guid":{"rendered":"https:\/\/gyomromuvkozpont.hu\/?page_id=621"},"modified":"2026-03-30T13:55:01","modified_gmt":"2026-03-30T11:55:01","slug":"gyomroi-tajhaz","status":"publish","type":"page","link":"https:\/\/gyomromuvkozpont.hu\/index.php\/gyomroi-tajhaz\/","title":{"rendered":"GY\u00d6MR\u0150I T\u00c1JH\u00c1Z"},"content":{"rendered":"\n<figure class=\"wp-block-image size-full\"><img loading=\"lazy\" decoding=\"async\" width=\"960\" height=\"640\" src=\"https:\/\/gyomromuvkozpont.hu\/wp-content\/uploads\/2024\/11\/463365953_526719866761665_615028576473687951_n.jpg\" alt=\"\" class=\"wp-image-622\" srcset=\"https:\/\/gyomromuvkozpont.hu\/wp-content\/uploads\/2024\/11\/463365953_526719866761665_615028576473687951_n.jpg 960w, https:\/\/gyomromuvkozpont.hu\/wp-content\/uploads\/2024\/11\/463365953_526719866761665_615028576473687951_n-300x200.jpg 300w, https:\/\/gyomromuvkozpont.hu\/wp-content\/uploads\/2024\/11\/463365953_526719866761665_615028576473687951_n-768x512.jpg 768w, https:\/\/gyomromuvkozpont.hu\/wp-content\/uploads\/2024\/11\/463365953_526719866761665_615028576473687951_n-450x300.jpg 450w, https:\/\/gyomromuvkozpont.hu\/wp-content\/uploads\/2024\/11\/463365953_526719866761665_615028576473687951_n-90x60.jpg 90w\" sizes=\"auto, (max-width: 960px) 100vw, 960px\" \/><\/figure>\n\n\n\n<p>Gy\u00f6mr\u0151 f\u0151sz\u00f6gi falur\u00e9sz\u00e9ben, a Gr. Teleki utca 46. sz\u00e1m alatt \u00e1ll az 1840-es \u00e9vekb\u0151l fennmaradt m\u0171eml\u00e9ki \u00e9p\u00fclet, amely a 19-20. sz\u00e1zad jellegzetes gy\u00f6mr\u0151i h\u00e1z\u00e1t mutatja be.<\/p>\n\n\n\n<p>C\u00edm: 2230, Gy\u00f6mr\u0151 Gr. Teleki utca 46 <\/p>\n\n\n\n<p>tel: +36 30 590 4958<\/p>\n\n\n\n<p>gyomro.tajhaz@gmail.com<\/p>\n\n\n\n<p><a href=\"https:\/\/www.facebook.com\/profile.php?id=100082709671429\">facebook <\/a><\/p>\n\n\n\n<p><strong>V\u00c1RHAT\u00d3 PROGRAMOK <\/strong><\/p>\n\n\n\n<p><\/p>\n","protected":false},"excerpt":{"rendered":"<p>Gy\u00f6mr\u0151 f\u0151sz\u00f6gi falur\u00e9sz\u00e9ben, a Gr. Teleki utca 46. sz\u00e1m alatt \u00e1ll az 1840-es \u00e9vekb\u0151l fennmaradt m\u0171eml\u00e9ki \u00e9p\u00fclet, amely a 19-20. sz\u00e1zad jellegzetes gy\u00f6mr\u0151i h\u00e1z\u00e1t mutatja be. C\u00edm: 2230, Gy\u00f6mr\u0151 Gr. Teleki utca 46 tel: +36 30 590 4958 gyomro.tajhaz@gmail.com facebook V\u00c1RHAT\u00d3 PROGRAMOK<\/p>\n","protected":false},"author":1,"featured_media":0,"parent":0,"menu_order":0,"comment_status":"closed","ping_status":"closed","template":"","meta":{"_price":"","_stock":"","_tribe_ticket_header":"","_tribe_default_ticket_provider":"","_tribe_ticket_capacity":"0","_ticket_start_date":"","_ticket_end_date":"","_tribe_ticket_show_description":"","_tribe_ticket_show_not_going":false,"_tribe_ticket_use_global_stock":"","_tribe_ticket_global_stock_level":"","_global_stock_mode":"","_global_stock_cap":"","_tribe_rsvp_for_event":"","_tribe_ticket_going_count":"","_tribe_ticket_not_going_count":"","_tribe_tickets_list":"[]","_tribe_ticket_has_attendee_info_fields":false,"footnotes":""},"class_list":["post-621","page","type-page","status-publish","hentry"],"ticketed":false,"_links":{"self":[{"href":"https:\/\/gyomromuvkozpont.hu\/index.php\/wp-json\/wp\/v2\/pages\/621","targetHints":{"allow":["GET"]}}],"collection":[{"href":"https:\/\/gyomromuvkozpont.hu\/index.php\/wp-json\/wp\/v2\/pages"}],"about":[{"href":"https:\/\/gyomromuvkozpont.hu\/index.php\/wp-json\/wp\/v2\/types\/page"}],"author":[{"embeddable":true,"href":"https:\/\/gyomromuvkozpont.hu\/index.php\/wp-json\/wp\/v2\/users\/1"}],"replies":[{"embeddable":true,"href":"https:\/\/gyomromuvkozpont.hu\/index.php\/wp-json\/wp\/v2\/comments?post=621"}],"version-history":[{"count":23,"href":"https:\/\/gyomromuvkozpont.hu\/index.php\/wp-json\/wp\/v2\/pages\/621\/revisions"}],"predecessor-version":[{"id":1900,"href":"https:\/\/gyomromuvkozpont.hu\/index.php\/wp-json\/wp\/v2\/pages\/621\/revisions\/1900"}],"wp:attachment":[{"href":"https:\/\/gyomromuvkozpont.hu\/index.php\/wp-json\/wp\/v2\/media?parent=621"}],"curies":[{"name":"wp","href":"https:\/\/api.w.org\/{rel}","templated":true}]}}